{"id":2,"date":"2026-04-16T08:25:36","date_gmt":"2026-04-16T08:25:36","guid":{"rendered":"https:\/\/conectatalento.net\/?page_id=2"},"modified":"2026-04-16T12:42:17","modified_gmt":"2026-04-16T12:42:17","slug":"sample-page","status":"publish","type":"page","link":"https:\/\/conectatalento.net\/","title":{"rendered":"Sample Page"},"content":{"rendered":"\t\t<div data-elementor-type=\"wp-page\" data-elementor-id=\"2\" class=\"elementor elementor-2\">\n\t\t\t\t<div class=\"elementor-element elementor-element-44533704 e-flex e-con-boxed e-con e-parent\" data-id=\"44533704\" data-element_type=\"container\" data-e-type=\"container\" data-settings=\"{&quot;background_background&quot;:&quot;gradient&quot;,&quot;position&quot;:&quot;fixed&quot;}\">\n\t\t\t\t\t<div class=\"e-con-inner\">\n\t\t\t\t\t\t\t\n\t\t<img class=\"e-image-base e-2884d507-2ef047c\" \n\t\t\t\t\tdata-interaction-id=\"2884d507\" \n\t\t \n\t\t \n\t\t\t\t\t\t\t\t\tid=\"27\"\n\t\t\t\t\t\t\t\t\t\t\t\tsrc=\"https:\/\/conectatalento.net\/wp-content\/uploads\/2026\/04\/logo-conecta-02.png\"\n\t\t\t\t\t\t\t\t\t\t\t\twidth=\"2190\"\n\t\t\t\t\t\t\t\t\t\t\t\theight=\"645\"\n\t\t\t\t\t\t\t\t\t\t\t\tsrcset=\"https:\/\/conectatalento.net\/wp-content\/uploads\/2026\/04\/logo-conecta-02.png 2190w, https:\/\/conectatalento.net\/wp-content\/uploads\/2026\/04\/logo-conecta-02-300x88.png 300w, https:\/\/conectatalento.net\/wp-content\/uploads\/2026\/04\/logo-conecta-02-1024x302.png 1024w, https:\/\/conectatalento.net\/wp-content\/uploads\/2026\/04\/logo-conecta-02-768x226.png 768w, https:\/\/conectatalento.net\/wp-content\/uploads\/2026\/04\/logo-conecta-02-1536x452.png 1536w, https:\/\/conectatalento.net\/wp-content\/uploads\/2026\/04\/logo-conecta-02-2048x603.png 2048w\"\n\t\t\t\t\t\t\t\t\t\t\t\talt=\"\"\n\t\t\t\t\t\t\/>\n\t\t\t\t\t<div class=\"elementor-element elementor-element-6cedba51 elementor-icon-list--layout-inline elementor-list-item-link-full_width elementor-widget elementor-widget-icon-list\" data-id=\"6cedba51\" data-element_type=\"widget\" data-e-type=\"widget\" data-widget_type=\"icon-list.default\">\n\t\t\t\t\t\t\t<ul class=\"elementor-icon-list-items elementor-inline-items\">\n\t\t\t\t\t\t\t<li class=\"elementor-icon-list-item elementor-inline-item\">\n\t\t\t\t\t\t\t\t\t\t<span class=\"elementor-icon-list-text\">CONSULTOR\u00cdA<\/span>\n\t\t\t\t\t\t\t\t\t<\/li>\n\t\t\t\t\t\t\t\t<li class=\"elementor-icon-list-item elementor-inline-item\">\n\t\t\t\t\t\t\t\t\t\t<span class=\"elementor-icon-list-text\">SELECCI\u00d3N DE PERSONAL<\/span>\n\t\t\t\t\t\t\t\t\t<\/li>\n\t\t\t\t\t\t\t\t<li class=\"elementor-icon-list-item elementor-inline-item\">\n\t\t\t\t\t\t\t\t\t\t<span class=\"elementor-icon-list-text\">FORMACI\u00d3N<\/span>\n\t\t\t\t\t\t\t\t\t<\/li>\n\t\t\t\t\t\t\t\t<li class=\"elementor-icon-list-item elementor-inline-item\">\n\t\t\t\t\t\t\t\t\t\t<span class=\"elementor-icon-list-text\">SOFTWARE RRHH<\/span>\n\t\t\t\t\t\t\t\t\t<\/li>\n\t\t\t\t\t\t<\/ul>\n\t\t\t\t\t\t<\/div>\n\t\t\t\t\t<\/div>\n\t\t\t\t<\/div>\n\t\t<div class=\"elementor-element elementor-element-782186eb e-flex e-con-boxed e-con e-parent\" data-id=\"782186eb\" data-element_type=\"container\" data-e-type=\"container\" data-settings=\"{&quot;background_background&quot;:&quot;classic&quot;,&quot;shape_divider_bottom&quot;:&quot;triangle-asymmetrical&quot;}\">\n\t\t\t\t\t<div class=\"e-con-inner\">\n\t\t\t\t<div class=\"elementor-shape elementor-shape-bottom\" aria-hidden=\"true\" data-negative=\"false\">\n\t\t\t<svg xmlns=\"http:\/\/www.w3.org\/2000\/svg\" viewBox=\"0 0 1000 100\" preserveAspectRatio=\"none\">\n\t<path class=\"elementor-shape-fill\" d=\"M738,99l262-93V0H0v5.6L738,99z\"\/>\n<\/svg>\t\t<\/div>\n\t\t\t\t<div class=\"elementor-element elementor-element-20c2d0eb elementor-widget__width-initial elementor-widget elementor-widget-heading\" data-id=\"20c2d0eb\" data-element_type=\"widget\" data-e-type=\"widget\" data-widget_type=\"heading.default\">\n\t\t\t\t\t<h2 class=\"elementor-heading-title elementor-size-default\">AYUDAMOS A LAS EMPRESAS A CAPTAR Y RETENER TALENTO<\/h2>\t\t\t\t<\/div>\n\t\t\t\t<div class=\"elementor-element elementor-element-46477fb6 elementor-widget__width-initial elementor-widget elementor-widget-heading\" data-id=\"46477fb6\" data-element_type=\"widget\" data-e-type=\"widget\" data-widget_type=\"heading.default\">\n\t\t\t\t\t<h2 class=\"elementor-heading-title elementor-size-default\">Especialistas en Selecci\u00f3n y Estrategia de RRHH<\/h2>\t\t\t\t<\/div>\n\t\t\t\t\t<\/div>\n\t\t\t\t<\/div>\n\t\t<div class=\"elementor-element elementor-element-690000b3 e-flex e-con-boxed e-con e-parent\" data-id=\"690000b3\" data-element_type=\"container\" data-e-type=\"container\">\n\t\t\t\t\t<div class=\"e-con-inner\">\n\t\t<div class=\"elementor-element elementor-element-73043a47 e-con-full e-flex e-con e-child\" data-id=\"73043a47\" data-element_type=\"container\" data-e-type=\"container\" data-settings=\"{&quot;background_background&quot;:&quot;classic&quot;}\">\n\t\t\t\t<div class=\"elementor-element elementor-element-7857563a elementor-widget__width-inherit elementor-widget elementor-widget-heading\" data-id=\"7857563a\" data-element_type=\"widget\" data-e-type=\"widget\" data-widget_type=\"heading.default\">\n\t\t\t\t\t<h2 class=\"elementor-heading-title elementor-size-default\">SELECCI\u00d3N DE PERSONAL\n<\/h2>\t\t\t\t<\/div>\n\t\t\t\t<\/div>\n\t\t<div class=\"elementor-element elementor-element-4fd0ec27 e-con-full e-flex e-con e-child\" data-id=\"4fd0ec27\" data-element_type=\"container\" data-e-type=\"container\" data-settings=\"{&quot;background_background&quot;:&quot;classic&quot;}\">\n\t\t\t\t<div class=\"elementor-element elementor-element-115383e5 elementor-widget__width-inherit elementor-widget elementor-widget-heading\" data-id=\"115383e5\" data-element_type=\"widget\" data-e-type=\"widget\" data-widget_type=\"heading.default\">\n\t\t\t\t\t<h2 class=\"elementor-heading-title elementor-size-default\">CONSULTOR\u00cdA <BR>DE RRHH<\/h2>\t\t\t\t<\/div>\n\t\t\t\t<\/div>\n\t\t<div class=\"elementor-element elementor-element-471b9cb9 e-con-full e-flex e-con e-child\" data-id=\"471b9cb9\" data-element_type=\"container\" data-e-type=\"container\" data-settings=\"{&quot;background_background&quot;:&quot;classic&quot;}\">\n\t\t\t\t<div class=\"elementor-element elementor-element-475865a7 elementor-widget__width-inherit elementor-widget elementor-widget-heading\" data-id=\"475865a7\" data-element_type=\"widget\" data-e-type=\"widget\" data-widget_type=\"heading.default\">\n\t\t\t\t\t<h2 class=\"elementor-heading-title elementor-size-default\">FORMACI\u00d3N PARA EMPLEADOS<\/h2>\t\t\t\t<\/div>\n\t\t\t\t<\/div>\n\t\t<div class=\"elementor-element elementor-element-54176e77 e-con-full e-flex e-con e-child\" data-id=\"54176e77\" data-element_type=\"container\" data-e-type=\"container\" data-settings=\"{&quot;background_background&quot;:&quot;classic&quot;}\">\n\t\t\t\t<div class=\"elementor-element elementor-element-20a9aac3 elementor-widget__width-inherit elementor-widget elementor-widget-heading\" data-id=\"20a9aac3\" data-element_type=\"widget\" data-e-type=\"widget\" data-widget_type=\"heading.default\">\n\t\t\t\t\t<h2 class=\"elementor-heading-title elementor-size-default\">\nSOFTWARE DE RRHH<\/h2>\t\t\t\t<\/div>\n\t\t\t\t<\/div>\n\t\t\t\t\t<\/div>\n\t\t\t\t<\/div>\n\t\t<div class=\"elementor-element elementor-element-5d13229 e-flex e-con-boxed e-con e-parent\" data-id=\"5d13229\" data-element_type=\"container\" data-e-type=\"container\" data-settings=\"{&quot;background_background&quot;:&quot;classic&quot;}\">\n\t\t\t\t\t<div class=\"e-con-inner\">\n\t\t\t\t<div class=\"elementor-element elementor-element-4594fc3 elementor-widget__width-initial elementor-widget elementor-widget-heading\" data-id=\"4594fc3\" data-element_type=\"widget\" data-e-type=\"widget\" data-widget_type=\"heading.default\">\n\t\t\t\t\t<h2 class=\"elementor-heading-title elementor-size-default\">CUESTI\u00d3N DE PERSONAS<\/h2>\t\t\t\t<\/div>\n\t\t\t\t<div class=\"elementor-element elementor-element-dd1b4ab elementor-widget__width-initial elementor-widget elementor-widget-heading\" data-id=\"dd1b4ab\" data-element_type=\"widget\" data-e-type=\"widget\" data-widget_type=\"heading.default\">\n\t\t\t\t\t<h2 class=\"elementor-heading-title elementor-size-default\">NUESTRA CUESTI\u00d3N<\/h2>\t\t\t\t<\/div>\n\t\t\t\t\t<\/div>\n\t\t\t\t<\/div>\n\t\t<div class=\"elementor-element elementor-element-741b3329 e-flex e-con-boxed e-con e-parent\" data-id=\"741b3329\" data-element_type=\"container\" data-e-type=\"container\" data-settings=\"{&quot;background_background&quot;:&quot;classic&quot;}\">\n\t\t\t\t\t<div class=\"e-con-inner\">\n\t\t<div class=\"elementor-element elementor-element-15b3d08f e-con-full e-flex e-con e-child\" data-id=\"15b3d08f\" data-element_type=\"container\" data-e-type=\"container\" data-settings=\"{&quot;background_background&quot;:&quot;classic&quot;}\">\n\t\t\t\t<div class=\"elementor-element elementor-element-5f1a574e elementor-widget__width-inherit elementor-widget elementor-widget-heading\" data-id=\"5f1a574e\" data-element_type=\"widget\" data-e-type=\"widget\" data-widget_type=\"heading.default\">\n\t\t\t\t\t<h2 class=\"elementor-heading-title elementor-size-default\">NUESTRO EQUIPO, LO M\u00c1S IMPORTANTE<\/h2>\t\t\t\t<\/div>\n\t\t\t\t<\/div>\n\t\t<div class=\"elementor-element elementor-element-2f8e2294 e-con-full e-flex e-con e-child\" data-id=\"2f8e2294\" data-element_type=\"container\" data-e-type=\"container\" data-settings=\"{&quot;background_background&quot;:&quot;classic&quot;}\">\n\t\t\t\t<div class=\"elementor-element elementor-element-6779727e elementor-widget__width-inherit elementor-widget elementor-widget-heading\" data-id=\"6779727e\" data-element_type=\"widget\" data-e-type=\"widget\" data-widget_type=\"heading.default\">\n\t\t\t\t\t<h2 class=\"elementor-heading-title elementor-size-default\">NOS MUEVE LA PASI\u00d3N POR NUESTRO TRABAJO<\/h2>\t\t\t\t<\/div>\n\t\t\t\t<\/div>\n\t\t<div class=\"elementor-element elementor-element-5f383a7f e-con-full e-flex e-con e-child\" data-id=\"5f383a7f\" data-element_type=\"container\" data-e-type=\"container\" data-settings=\"{&quot;background_background&quot;:&quot;classic&quot;}\">\n\t\t\t\t<div class=\"elementor-element elementor-element-4a8d648b elementor-widget__width-inherit elementor-widget elementor-widget-heading\" data-id=\"4a8d648b\" data-element_type=\"widget\" data-e-type=\"widget\" data-widget_type=\"heading.default\">\n\t\t\t\t\t<h2 class=\"elementor-heading-title elementor-size-default\">EXPERIENCIA Y CONOCIMIENTO<\/h2>\t\t\t\t<\/div>\n\t\t\t\t<\/div>\n\t\t<div class=\"elementor-element elementor-element-7a83e896 e-con-full e-flex e-con e-child\" data-id=\"7a83e896\" data-element_type=\"container\" data-e-type=\"container\" data-settings=\"{&quot;background_background&quot;:&quot;classic&quot;}\">\n\t\t\t\t<div class=\"elementor-element elementor-element-46f6aecd elementor-widget__width-inherit elementor-widget elementor-widget-heading\" data-id=\"46f6aecd\" data-element_type=\"widget\" data-e-type=\"widget\" data-widget_type=\"heading.default\">\n\t\t\t\t\t<h2 class=\"elementor-heading-title elementor-size-default\">INNOVACI\u00d3N Y ESPECIALIZACI\u00d3N<\/h2>\t\t\t\t<\/div>\n\t\t\t\t<\/div>\n\t\t\t\t\t<\/div>\n\t\t\t\t<\/div>\n\t\t<div class=\"elementor-element elementor-element-1f2b41c5 e-flex e-con-boxed e-con e-parent\" data-id=\"1f2b41c5\" data-element_type=\"container\" data-e-type=\"container\" data-settings=\"{&quot;background_background&quot;:&quot;classic&quot;}\">\n\t\t\t\t\t<div class=\"e-con-inner\">\n\t\t\t\t\t<\/div>\n\t\t\t\t<\/div>\n\t\t<div class=\"elementor-element elementor-element-1d02b055 e-flex e-con-boxed e-con e-parent\" data-id=\"1d02b055\" data-element_type=\"container\" data-e-type=\"container\" data-settings=\"{&quot;background_background&quot;:&quot;classic&quot;}\">\n\t\t\t\t\t<div class=\"e-con-inner\">\n\t\t<div class=\"elementor-element elementor-element-52c25c02 e-con-full e-flex e-con e-child\" data-id=\"52c25c02\" data-element_type=\"container\" data-e-type=\"container\">\n\t\t\t\t<\/div>\n\t\t<div class=\"elementor-element elementor-element-4bccc528 e-con-full e-flex e-con e-child\" data-id=\"4bccc528\" data-element_type=\"container\" data-e-type=\"container\">\n\t\t\t\t<div class=\"elementor-element elementor-element-1a26edea elementor-widget__width-inherit elementor-widget elementor-widget-heading\" data-id=\"1a26edea\" data-element_type=\"widget\" data-e-type=\"widget\" data-widget_type=\"heading.default\">\n\t\t\t\t\t<h2 class=\"elementor-heading-title elementor-size-default\">SELECCI\u00d3N DE PERSONAS<\/h2>\t\t\t\t<\/div>\n\t\t\t\t<div class=\"elementor-element elementor-element-344654bc elementor-widget__width-inherit elementor-widget elementor-widget-heading\" data-id=\"344654bc\" data-element_type=\"widget\" data-e-type=\"widget\" data-widget_type=\"heading.default\">\n\t\t\t\t\t<h2 class=\"elementor-heading-title elementor-size-default\">Y HEADHUNTING<\/h2>\t\t\t\t<\/div>\n\t\t\t\t\t\t\t\t<p class=\"e-52d53bc9-e540ccf e-paragraph-base\" data-interaction-id=\"52d53bc9\"  >\n\t\t\t\t\t\t\t\tEn <strong id=\"e-mo1g2kqm-44jkgva\">Conecta Talento<\/strong> entendemos la selecci\u00f3n de personas como mucho m\u00e1s que un proceso de contrataci\u00f3n: es el punto de partida para construir equipos s\u00f3lidos, cohesionados y con prop\u00f3sito.<br><br>Acompa\u00f1amos a las empresas en la identificaci\u00f3n y atracci\u00f3n del talento que no solo cumple con los requisitos del puesto, sino que encaja con la cultura, los valores y la forma de trabajar de cada organizaci\u00f3n. Porque sabemos que el verdadero impacto no lo genera un CV, sino la persona que hay detr\u00e1s.Combinamos experiencia en recursos humanos con una visi\u00f3n cercana y profundamente humana de la selecci\u00f3n. Nos implicamos en cada proceso para anticiparnos a las necesidades de tu equipo y ayudarte a tomar decisiones m\u00e1s acertadas, m\u00e1s sostenibles y m\u00e1s alineadas con el futuro de tu empresa.<br><br>Queremos ser ese socio estrat\u00e9gico que te ayuda a construir equipos que no solo funcionan, sino que crecen contigo.\n\t\t\t\t\t<\/p>\n\t\t\t\t<\/div>\n\t\t\t\t\t<\/div>\n\t\t\t\t<\/div>\n\t\t<div class=\"elementor-element elementor-element-7487ea5f e-flex e-con-boxed e-con e-parent\" data-id=\"7487ea5f\" data-element_type=\"container\" data-e-type=\"container\" data-settings=\"{&quot;background_background&quot;:&quot;classic&quot;}\">\n\t\t\t\t\t<div class=\"e-con-inner\">\n\t\t<div class=\"elementor-element elementor-element-1e5a595 e-con-full e-flex e-con e-child\" data-id=\"1e5a595\" data-element_type=\"container\" data-e-type=\"container\">\n\t\t\t\t<\/div>\n\t\t<div class=\"elementor-element elementor-element-3c74e39 e-con-full e-flex e-con e-child\" data-id=\"3c74e39\" data-element_type=\"container\" data-e-type=\"container\">\n\t\t\t\t<div class=\"elementor-element elementor-element-6eb49e31 elementor-widget__width-inherit elementor-widget elementor-widget-heading\" data-id=\"6eb49e31\" data-element_type=\"widget\" data-e-type=\"widget\" data-widget_type=\"heading.default\">\n\t\t\t\t\t<h2 class=\"elementor-heading-title elementor-size-default\">FORMACI\u00d3N PARA EMPRESAS\n<\/h2>\t\t\t\t<\/div>\n\t\t\t\t<div class=\"elementor-element elementor-element-7f68a686 elementor-align-left elementor-widget elementor-widget-button\" data-id=\"7f68a686\" data-element_type=\"widget\" data-e-type=\"widget\" data-widget_type=\"button.default\">\n\t\t\t\t\t\t\t\t\t\t<a class=\"elementor-button elementor-button-link elementor-size-sm\" href=\"#\">\n\t\t\t\t\t\t<span class=\"elementor-button-content-wrapper\">\n\t\t\t\t\t\t\t\t\t<span class=\"elementor-button-text\">PROGRAMAS DE FORMACI\u00d3N<\/span>\n\t\t\t\t\t<\/span>\n\t\t\t\t\t<\/a>\n\t\t\t\t\t\t\t\t<\/div>\n\t\t\t\t\t\t\t\t<p class=\"e-2d177aa3-d8d289a e-paragraph-base\" data-interaction-id=\"2d177aa3\"  >\n\t\t\t\t\t\t\t\tEn <strong id=\"e-mo1g467l-fg60zhb\">Conecta Talento<\/strong> creemos que la formaci\u00f3n no es un complemento, sino una herramienta clave para hacer crecer a las personas y, con ellas, a las organizaciones.<br><br>Somos especialistas en dise\u00f1ar e impulsar programas de formaci\u00f3n para empresas que buscan desarrollar el talento de sus equipos de manera real y sostenible. No trabajamos con soluciones est\u00e1ndar: cada acci\u00f3n formativa se construye a medida, partiendo de las necesidades concretas de cada cliente y de los retos a los que se enfrenta su equipo.<br><br>Nuestro enfoque combina experiencia en gesti\u00f3n de personas con una metodolog\u00eda pr\u00e1ctica y orientada a resultados, que garantiza una transferencia real del aprendizaje al d\u00eda a d\u00eda del trabajo. <br><br>Acompa\u00f1amos a las empresas en todo el proceso, desde la detecci\u00f3n de necesidades hasta la implementaci\u00f3n y seguimiento de la formaci\u00f3n.Porque formar no es solo ense\u00f1ar, es transformar la manera en la que las personas trabajan, colaboran y crecen dentro de la organizaci\u00f3n.\n\t\t\t\t\t<\/p>\n\t\t\t\t<\/div>\n\t\t\t\t\t<\/div>\n\t\t\t\t<\/div>\n\t\t<div class=\"elementor-element elementor-element-7f15c3b8 e-flex e-con-boxed e-con e-parent\" data-id=\"7f15c3b8\" data-element_type=\"container\" data-e-type=\"container\" data-settings=\"{&quot;background_background&quot;:&quot;classic&quot;}\">\n\t\t\t\t\t<div class=\"e-con-inner\">\n\t\t\t\t\t\t\t\n\t\t<img class=\"e-image-base e-3bc35692-3de3599\" \n\t\t\t\t\tdata-interaction-id=\"3bc35692\" \n\t\t \n\t\t \n\t\t\t\t\t\t\t\t\tid=\"78\"\n\t\t\t\t\t\t\t\t\t\t\t\tsrc=\"https:\/\/conectatalento.net\/wp-content\/uploads\/2026\/04\/logo-conecta-01.png\"\n\t\t\t\t\t\t\t\t\t\t\t\twidth=\"2182\"\n\t\t\t\t\t\t\t\t\t\t\t\theight=\"602\"\n\t\t\t\t\t\t\t\t\t\t\t\tsrcset=\"https:\/\/conectatalento.net\/wp-content\/uploads\/2026\/04\/logo-conecta-01.png 2182w, https:\/\/conectatalento.net\/wp-content\/uploads\/2026\/04\/logo-conecta-01-300x83.png 300w, https:\/\/conectatalento.net\/wp-content\/uploads\/2026\/04\/logo-conecta-01-1024x283.png 1024w, https:\/\/conectatalento.net\/wp-content\/uploads\/2026\/04\/logo-conecta-01-768x212.png 768w, https:\/\/conectatalento.net\/wp-content\/uploads\/2026\/04\/logo-conecta-01-1536x424.png 1536w, https:\/\/conectatalento.net\/wp-content\/uploads\/2026\/04\/logo-conecta-01-2048x565.png 2048w\"\n\t\t\t\t\t\t\t\t\t\t\t\talt=\"\"\n\t\t\t\t\t\t\/>\n\t\t\t\t\t\t<\/div>\n\t\t\t\t<\/div>\n\t\t<div class=\"elementor-element elementor-element-1cce65c0 e-flex e-con-boxed e-con e-parent\" data-id=\"1cce65c0\" data-element_type=\"container\" data-e-type=\"container\" data-settings=\"{&quot;background_background&quot;:&quot;classic&quot;}\">\n\t\t\t\t\t<div class=\"e-con-inner\">\n\t\t\t\t<div class=\"elementor-element elementor-element-58b564dc elementor-widget__width-inherit elementor-widget elementor-widget-heading\" data-id=\"58b564dc\" data-element_type=\"widget\" data-e-type=\"widget\" data-widget_type=\"heading.default\">\n\t\t\t\t\t<h2 class=\"elementor-heading-title elementor-size-default\">CREEMOS EN EL PODER DE LAS PERSONAS PARA DISE\u00d1AR EL FUTURO DE TU EMPRESA\n<\/h2>\t\t\t\t<\/div>\n\t\t\t\t\t<\/div>\n\t\t\t\t<\/div>\n\t\t<div class=\"elementor-element elementor-element-39a4d7c7 e-flex e-con-boxed e-con e-parent\" data-id=\"39a4d7c7\" data-element_type=\"container\" data-e-type=\"container\" data-settings=\"{&quot;background_background&quot;:&quot;classic&quot;}\">\n\t\t\t\t\t<div class=\"e-con-inner\">\n\t\t<div class=\"elementor-element elementor-element-649beb0b e-con-full e-flex e-con e-child\" data-id=\"649beb0b\" data-element_type=\"container\" data-e-type=\"container\">\n\t\t\t\t\t\t\t\n\t\t<img class=\"e-image-base e-141cadda-56273de\" \n\t\t\t\t\tdata-interaction-id=\"141cadda\" \n\t\t \n\t\t \n\t\t\t\t\t\t\t\t\tid=\"27\"\n\t\t\t\t\t\t\t\t\t\t\t\tsrc=\"https:\/\/conectatalento.net\/wp-content\/uploads\/2026\/04\/logo-conecta-02.png\"\n\t\t\t\t\t\t\t\t\t\t\t\twidth=\"2190\"\n\t\t\t\t\t\t\t\t\t\t\t\theight=\"645\"\n\t\t\t\t\t\t\t\t\t\t\t\tsrcset=\"https:\/\/conectatalento.net\/wp-content\/uploads\/2026\/04\/logo-conecta-02.png 2190w, https:\/\/conectatalento.net\/wp-content\/uploads\/2026\/04\/logo-conecta-02-300x88.png 300w, https:\/\/conectatalento.net\/wp-content\/uploads\/2026\/04\/logo-conecta-02-1024x302.png 1024w, https:\/\/conectatalento.net\/wp-content\/uploads\/2026\/04\/logo-conecta-02-768x226.png 768w, https:\/\/conectatalento.net\/wp-content\/uploads\/2026\/04\/logo-conecta-02-1536x452.png 1536w, https:\/\/conectatalento.net\/wp-content\/uploads\/2026\/04\/logo-conecta-02-2048x603.png 2048w\"\n\t\t\t\t\t\t\t\t\t\t\t\talt=\"\"\n\t\t\t\t\t\t\/>\n\t\t\t\t\t<\/div>\n\t\t<div class=\"elementor-element elementor-element-56a7cf88 e-con-full e-flex e-con e-child\" data-id=\"56a7cf88\" data-element_type=\"container\" data-e-type=\"container\">\n\t\t\t\t<div class=\"elementor-element elementor-element-6f8f4722 elementor-widget__width-inherit elementor-widget elementor-widget-heading\" data-id=\"6f8f4722\" data-element_type=\"widget\" data-e-type=\"widget\" data-widget_type=\"heading.default\">\n\t\t\t\t\t<h2 class=\"elementor-heading-title elementor-size-default\">CONTACTO<\/h2>\t\t\t\t<\/div>\n\t\t\t\t\t\t\t\t<p class=\"e-6845cd2c-886632c e-paragraph-base\" data-interaction-id=\"6845cd2c\"  >\n\t\t\t\t\t\t\t\t<strong id=\"e-mo1gygdm-6gzvseg\">Pl. Villas\u00eds, 2, Casco Antiguo, 41003 Sevilla<\/strong><br>C. de las Huertas, 11, Centro, 28012 Madrid<strong id=\"e-mo1gygdm-4rz04jy\"><br>Tel:(+34)&nbsp;911584216<br><\/strong><a target=\"_blank\" href=\"mailto:info@ayanetrh.es\" id=\"e-mo1gygdm-gy38mvn\"><strong id=\"e-mo1gygdm-jdc02sf\">info@conectatalento.net<\/strong><\/a><strong id=\"e-mo1gygdm-ow6gp2x\"><br>HORARIO:<br>De Lunes a Viernes: 08:00h. \u2013 18:00h.<\/strong>\n\t\t\t\t\t<\/p>\n\t\t\t\t<\/div>\n\t\t\t\t\t<\/div>\n\t\t\t\t<\/div>\n\t\t\t\t<\/div>\n\t\t","protected":false},"excerpt":{"rendered":"<p>CONSULTOR\u00cdA SELECCI\u00d3N DE PERSONAL FORMACI\u00d3N SOFTWARE RRHH AYUDAMOS A LAS EMPRESAS A CAPTAR Y RETENER TALENTO Especialistas en Selecci\u00f3n y Estrategia de RRHH SELECCI\u00d3N DE PERSONAL CONSULTOR\u00cdA DE RRHH FORMACI\u00d3N PARA EMPLEADOS SOFTWARE DE RRHH CUESTI\u00d3N DE PERSONAS NUESTRA CUESTI\u00d3N NUESTRO EQUIPO, LO M\u00c1S IMPORTANTE NOS MUEVE LA PASI\u00d3N POR NUESTRO TRABAJO EXPERIENCIA Y CONOCIMIENTO [&hellip;]<\/p>\n","protected":false},"author":1,"featured_media":0,"parent":0,"menu_order":0,"comment_status":"closed","ping_status":"open","template":"elementor_canvas","meta":{"footnotes":""},"class_list":["post-2","page","type-page","status-publish","hentry"],"_links":{"self":[{"href":"https:\/\/conectatalento.net\/index.php?rest_route=\/wp\/v2\/pages\/2","targetHints":{"allow":["GET"]}}],"collection":[{"href":"https:\/\/conectatalento.net\/index.php?rest_route=\/wp\/v2\/pages"}],"about":[{"href":"https:\/\/conectatalento.net\/index.php?rest_route=\/wp\/v2\/types\/page"}],"author":[{"embeddable":true,"href":"https:\/\/conectatalento.net\/index.php?rest_route=\/wp\/v2\/users\/1"}],"replies":[{"embeddable":true,"href":"https:\/\/conectatalento.net\/index.php?rest_route=%2Fwp%2Fv2%2Fcomments&post=2"}],"version-history":[{"count":15,"href":"https:\/\/conectatalento.net\/index.php?rest_route=\/wp\/v2\/pages\/2\/revisions"}],"predecessor-version":[{"id":125,"href":"https:\/\/conectatalento.net\/index.php?rest_route=\/wp\/v2\/pages\/2\/revisions\/125"}],"wp:attachment":[{"href":"https:\/\/conectatalento.net\/index.php?rest_route=%2Fwp%2Fv2%2Fmedia&parent=2"}],"curies":[{"name":"wp","href":"https:\/\/api.w.org\/{rel}","templated":true}]}}